{"id":69,"date":"2020-12-13T20:26:55","date_gmt":"2020-12-13T19:26:55","guid":{"rendered":"http:\/\/nidanasraya.fr\/?page_id=69"},"modified":"2025-11-28T23:49:10","modified_gmt":"2025-11-28T22:49:10","slug":"infos-pratiques","status":"publish","type":"page","link":"https:\/\/nidanasraya.fr\/sandra-roques\/?page_id=69","title":{"rendered":"Informations pratiques"},"content":{"rendered":"\n<h2 class=\"wp-block-heading has-medium-font-size\">Je vous propose des s\u00e9ances sur rendez-vous, <strong>au cabinet<\/strong> ou <strong>\u00e0 distance<\/strong>.<\/h2>\n\n\n\n<div style=\"height:10px\" aria-hidden=\"true\" class=\"wp-block-spacer\"><\/div>\n\n\n\n<div class=\"wp-block-media-text is-stacked-on-mobile\"><figure class=\"wp-block-media-text__media\"><img loading=\"lazy\" decoding=\"async\" width=\"1024\" height=\"819\" src=\"https:\/\/nidanasraya.fr\/wp-content\/uploads\/2023\/06\/entreecour2-1024x819.png\" alt=\"\" class=\"wp-image-566 size-full\" srcset=\"https:\/\/nidanasraya.fr\/wp-content\/uploads\/2023\/06\/entreecour2-1024x819.png 1024w, https:\/\/nidanasraya.fr\/wp-content\/uploads\/2023\/06\/entreecour2-300x240.png 300w, https:\/\/nidanasraya.fr\/wp-content\/uploads\/2023\/06\/entreecour2-768x614.png 768w, https:\/\/nidanasraya.fr\/wp-content\/uploads\/2023\/06\/entreecour2-1536x1229.png 1536w, https:\/\/nidanasraya.fr\/wp-content\/uploads\/2023\/06\/entreecour2-750x600.png 750w, https:\/\/nidanasraya.fr\/wp-content\/uploads\/2023\/06\/entreecour2.png 2000w\" sizes=\"auto, (max-width: 1024px) 100vw, 1024px\" \/><\/figure><div class=\"wp-block-media-text__content\">\n<p><\/p>\n\n\n\n<p><strong>Au cabinet et \u00e0 distance<\/strong> : <\/p>\n\n\n\n<p>Je vous re\u00e7ois au <strong>43 rue Charles de Gaulle, dans le centre-ville de Saint-Arnoult-en-Yvelines<\/strong>. Les consultations ont lieu les <strong>lundis, mercredis, vendredis et samedis<\/strong>, de <strong>10h \u00e0 19h<\/strong>, et peuvent se d\u00e9rouler <strong>en pr\u00e9sentiel<\/strong> ou <strong>\u00e0 distance<\/strong>.<\/p>\n<\/div><\/div>\n\n\n\n<p><\/p>\n\n\n\n<div class=\"wp-block-media-text has-media-on-the-right is-stacked-on-mobile\"><div class=\"wp-block-media-text__content\">\n<p><\/p>\n\n\n\n<p><strong>Les<\/strong> <strong>mardis et jeudis<\/strong> : <\/p>\n\n\n\n<p>je vous accompagne <strong>exclusivement<\/strong> <strong>\u00e0 distance<\/strong>, de <strong>12h \u00e0 18h<\/strong>, en <strong>visio<\/strong> ou par <strong>t\u00e9l\u00e9phone<\/strong>.<\/p>\n<\/div><figure class=\"wp-block-media-text__media\"><img loading=\"lazy\" decoding=\"async\" width=\"1024\" height=\"724\" src=\"https:\/\/nidanasraya.fr\/wp-content\/uploads\/2025\/11\/Consultation-Visio-Sandra-Roques-Nidanasraya-1024x724.png\" alt=\"\" class=\"wp-image-1020 size-full\" srcset=\"https:\/\/nidanasraya.fr\/wp-content\/uploads\/2025\/11\/Consultation-Visio-Sandra-Roques-Nidanasraya-1024x724.png 1024w, https:\/\/nidanasraya.fr\/wp-content\/uploads\/2025\/11\/Consultation-Visio-Sandra-Roques-Nidanasraya-300x212.png 300w, https:\/\/nidanasraya.fr\/wp-content\/uploads\/2025\/11\/Consultation-Visio-Sandra-Roques-Nidanasraya-768x543.png 768w, https:\/\/nidanasraya.fr\/wp-content\/uploads\/2025\/11\/Consultation-Visio-Sandra-Roques-Nidanasraya-1536x1086.png 1536w, https:\/\/nidanasraya.fr\/wp-content\/uploads\/2025\/11\/Consultation-Visio-Sandra-Roques-Nidanasraya-2048x1448.png 2048w, https:\/\/nidanasraya.fr\/wp-content\/uploads\/2025\/11\/Consultation-Visio-Sandra-Roques-Nidanasraya-750x530.png 750w\" sizes=\"auto, (max-width: 1024px) 100vw, 1024px\" \/><\/figure><\/div>\n\n\n\n<p><\/p>\n\n\n\n<h2 class=\"wp-block-heading has-medium-font-size\">Modalit\u00e9s de Paiement et Tarification<\/h2>\n\n\n\n<p>J&rsquo;accepte les paiements en esp\u00e8ces et par ch\u00e8que (par virement bancaire pour les s\u00e9ances \u00e0 distance), \u00e0 r\u00e9gler \u00e0 la fin de chaque s\u00e9ance.<\/p>\n\n\n\n<h3 class=\"wp-block-heading has-medium-font-size\"><strong>Tarifs :<\/strong><\/h3>\n\n\n\n<ul class=\"wp-block-list\">\n<li><strong>Adultes et Adolescentes (\u00e0 partir de 15 ans)<\/strong> : <strong>90 \u20ac<\/strong> pour une s\u00e9ance d&rsquo;environ 2 heures (hors Activation de Kundalini).<\/li>\n<\/ul>\n\n\n\n<p><\/p>\n\n\n\n<h3 class=\"wp-block-heading has-medium-font-size\"><strong>Politique d&rsquo;annulation<\/strong> :<\/h3>\n\n\n\n<p> Les s\u00e9ances peuvent \u00eatre annul\u00e9es sans frais <strong>au moins 48 <strong>heures<\/strong> \u00e0 l&rsquo;avance<\/strong>. Pass\u00e9 ce d\u00e9lai, la consultation sera due.<\/p>\n\n\n\n<div style=\"height:30px\" aria-hidden=\"true\" class=\"wp-block-spacer\"><\/div>\n\n\n\n<p>*<strong><em> Mes soins ne remplacent en aucun cas un diagnostic, un traitement ou un suivi m\u00e9dical aupr\u00e8s d\u2019un professionnel de sant\u00e9.<\/em><\/strong><\/p>\n\n\n\n<div style=\"height:34px\" aria-hidden=\"true\" class=\"wp-block-spacer\"><\/div>\n\n\n\n<h2 class=\"wp-block-heading has-medium-font-size\">Contactez-moi<\/h2>\n\n\n<div class=\"wpforms-container wpforms-container-full wpforms-block wpforms-block-4c5ee7b8-0607-406b-984a-c63c079d0c69 wpforms-render-modern\" id=\"wpforms-350\"><form id=\"wpforms-form-350\" class=\"wpforms-validate wpforms-form wpforms-ajax-form\" data-formid=\"350\" method=\"post\" enctype=\"multipart\/form-data\" action=\"\/sandra-roques\/index.php?rest_route=%2Fwp%2Fv2%2Fpages%2F69\" data-token=\"166e5ffe2ee5c29ac9bf9305c12a4eb8\" data-token-time=\"1776794868\"><noscript class=\"wpforms-error-noscript\">Veuillez activer JavaScript dans votre navigateur pour remplir ce formulaire.<\/noscript><div id=\"wpforms-error-noscript\" style=\"display: none;\">Veuillez activer JavaScript dans votre navigateur pour remplir ce formulaire.<\/div><div class=\"wpforms-field-container\"><div id=\"wpforms-350-field_0-container\" class=\"wpforms-field wpforms-field-name\" data-field-id=\"0\"><fieldset><legend class=\"wpforms-field-label\">Nom <span class=\"wpforms-required-label\" aria-hidden=\"true\">*<\/span><\/legend><div class=\"wpforms-field-row wpforms-field-medium\"><div class=\"wpforms-field-row-block wpforms-first wpforms-one-half\"><input type=\"text\" id=\"wpforms-350-field_0\" class=\"wpforms-field-name-first wpforms-field-required\" name=\"wpforms[fields][0][first]\" aria-errormessage=\"wpforms-350-field_0-error\" required><label for=\"wpforms-350-field_0\" class=\"wpforms-field-sublabel after\">Pr\u00e9nom<\/label><\/div><div class=\"wpforms-field-row-block wpforms-one-half\"><input type=\"text\" id=\"wpforms-350-field_0-last\" class=\"wpforms-field-name-last wpforms-field-required\" name=\"wpforms[fields][0][last]\" aria-errormessage=\"wpforms-350-field_0-last-error\" required><label for=\"wpforms-350-field_0-last\" class=\"wpforms-field-sublabel after\">Nom<\/label><\/div><\/div><\/fieldset><\/div>\t\t<div id=\"wpforms-350-field_3-container\"\n\t\t\tclass=\"wpforms-field wpforms-field-text\"\n\t\t\tdata-field-type=\"text\"\n\t\t\tdata-field-id=\"3\"\n\t\t\t>\n\t\t\t<label class=\"wpforms-field-label\" for=\"wpforms-350-field_3\" >E-mail Cases cocher<\/label>\n\t\t\t<input type=\"text\" id=\"wpforms-350-field_3\" class=\"wpforms-field-medium\" name=\"wpforms[fields][3]\" >\n\t\t<\/div>\n\t\t<div id=\"wpforms-350-field_1-container\" class=\"wpforms-field wpforms-field-email\" data-field-id=\"1\"><label class=\"wpforms-field-label\" for=\"wpforms-350-field_1\">E-mail <span class=\"wpforms-required-label\" aria-hidden=\"true\">*<\/span><\/label><input type=\"email\" id=\"wpforms-350-field_1\" class=\"wpforms-field-medium wpforms-field-required\" name=\"wpforms[fields][1]\" spellcheck=\"false\" aria-errormessage=\"wpforms-350-field_1-error\" required><\/div><div id=\"wpforms-350-field_2-container\" class=\"wpforms-field wpforms-field-textarea\" data-field-id=\"2\"><label class=\"wpforms-field-label\" for=\"wpforms-350-field_2\">Message<\/label><textarea id=\"wpforms-350-field_2\" class=\"wpforms-field-medium\" name=\"wpforms[fields][2]\" aria-errormessage=\"wpforms-350-field_2-error\" aria-describedby=\"wpforms-350-field_2-description\" ><\/textarea><div id=\"wpforms-350-field_2-description\" class=\"wpforms-field-description\">Merci d&rsquo;indiquer votre num\u00e9ro de t\u00e9l\u00e9phone si vous souhaitez \u00eatre rappel\u00e9e<\/div><\/div><div id=\"wpforms-350-field_4-container\" class=\"wpforms-field wpforms-field-checkbox\" data-field-id=\"4\"><fieldset><legend class=\"wpforms-field-label wpforms-label-hide\" aria-hidden=\"false\">Cases \u00e0 cocher<\/legend><ul id=\"wpforms-350-field_4\"><li class=\"choice-1 depth-1\"><input type=\"checkbox\" id=\"wpforms-350-field_4_1\" name=\"wpforms[fields][4][]\" value=\"J&#039;accepte les CGU et la politique de confidentialit\u00e9\" aria-errormessage=\"wpforms-350-field_4_1-error\"  ><label class=\"wpforms-field-label-inline\" for=\"wpforms-350-field_4_1\">J&rsquo;accepte les CGU et la politique de confidentialit\u00e9<\/label><\/li><\/ul><\/fieldset><\/div><script>\n\t\t\t\t( function() {\n\t\t\t\t\tconst style = document.createElement( 'style' );\n\t\t\t\t\tstyle.appendChild( document.createTextNode( '#wpforms-350-field_3-container { position: absolute !important; overflow: hidden !important; display: inline !important; height: 1px !important; width: 1px !important; z-index: -1000 !important; padding: 0 !important; } #wpforms-350-field_3-container input { visibility: hidden; } #wpforms-conversational-form-page #wpforms-350-field_3-container label { counter-increment: none; }' ) );\n\t\t\t\t\tdocument.head.appendChild( style );\n\t\t\t\t\tdocument.currentScript?.remove();\n\t\t\t\t} )();\n\t\t\t<\/script><\/div><!-- .wpforms-field-container --><div class=\"wpforms-submit-container\" ><input type=\"hidden\" name=\"wpforms[id]\" value=\"350\"><input type=\"hidden\" name=\"page_title\" value=\"\"><input type=\"hidden\" name=\"page_url\" value=\"https:\/\/nidanasraya.fr\/sandra-roques\/index.php?rest_route=\/wp\/v2\/pages\/69\"><input type=\"hidden\" name=\"url_referer\" value=\"\"><button type=\"submit\" name=\"wpforms[submit]\" id=\"wpforms-submit-350\" class=\"wpforms-submit\" data-alt-text=\"Envoi...\" data-submit-text=\"Envoyer\" aria-live=\"assertive\" value=\"wpforms-submit\">Envoyer<\/button><img loading=\"lazy\" decoding=\"async\" src=\"https:\/\/nidanasraya.fr\/wp-content\/plugins\/wpforms-lite\/assets\/images\/submit-spin.svg\" class=\"wpforms-submit-spinner\" style=\"display: none;\" width=\"26\" height=\"26\" alt=\"Chargement en cours\"><\/div><\/form><\/div>  <!-- .wpforms-container -->\n\n\n<div style=\"height:34px\" aria-hidden=\"true\" class=\"wp-block-spacer\"><\/div>\n\n\n\n<p><\/p>\n\n\n\n<figure class=\"wp-block-gallery has-nested-images columns-default is-cropped wp-block-gallery-1 is-layout-flex wp-block-gallery-is-layout-flex\">\n<figure class=\"wp-block-image size-large is-style-default\"><img loading=\"lazy\" decoding=\"async\" width=\"1024\" height=\"819\" data-id=\"569\" src=\"https:\/\/nidanasraya.fr\/wp-content\/uploads\/2023\/06\/facade2-1-1024x819.png\" alt=\"\" class=\"wp-image-569\" srcset=\"https:\/\/nidanasraya.fr\/wp-content\/uploads\/2023\/06\/facade2-1-1024x819.png 1024w, https:\/\/nidanasraya.fr\/wp-content\/uploads\/2023\/06\/facade2-1-300x240.png 300w, https:\/\/nidanasraya.fr\/wp-content\/uploads\/2023\/06\/facade2-1-768x614.png 768w, https:\/\/nidanasraya.fr\/wp-content\/uploads\/2023\/06\/facade2-1-1536x1229.png 1536w, https:\/\/nidanasraya.fr\/wp-content\/uploads\/2023\/06\/facade2-1-750x600.png 750w, https:\/\/nidanasraya.fr\/wp-content\/uploads\/2023\/06\/facade2-1.png 2000w\" sizes=\"auto, (max-width: 1024px) 100vw, 1024px\" \/><\/figure>\n\n\n\n<figure class=\"wp-block-image size-large is-style-default\"><img loading=\"lazy\" decoding=\"async\" width=\"1024\" height=\"819\" data-id=\"566\" src=\"https:\/\/nidanasraya.fr\/wp-content\/uploads\/2023\/06\/entreecour2-1024x819.png\" alt=\"\" class=\"wp-image-566\" srcset=\"https:\/\/nidanasraya.fr\/wp-content\/uploads\/2023\/06\/entreecour2-1024x819.png 1024w, https:\/\/nidanasraya.fr\/wp-content\/uploads\/2023\/06\/entreecour2-300x240.png 300w, https:\/\/nidanasraya.fr\/wp-content\/uploads\/2023\/06\/entreecour2-768x614.png 768w, https:\/\/nidanasraya.fr\/wp-content\/uploads\/2023\/06\/entreecour2-1536x1229.png 1536w, https:\/\/nidanasraya.fr\/wp-content\/uploads\/2023\/06\/entreecour2-750x600.png 750w, https:\/\/nidanasraya.fr\/wp-content\/uploads\/2023\/06\/entreecour2.png 2000w\" sizes=\"auto, (max-width: 1024px) 100vw, 1024px\" \/><figcaption class=\"wp-element-caption\">Le cabinet est situ\u00e9 au fond de la cour \u00e0 gauche<\/figcaption><\/figure>\n<\/figure>\n\n\n\n<p><\/p>\n","protected":false},"excerpt":{"rendered":"<p>Je vous propose des s\u00e9ances sur rendez-vous, au cabinet ou \u00e0 distance. Au cabinet et \u00e0 distance : Je vous re\u00e7ois au 43 rue Charles de Gaulle, dans le centre-ville de Saint-Arnoult-en-Yvelines. Les consultations ont lieu les lundis, mercredis, vendredis et samedis, de 10h \u00e0 19h, et peuvent se d\u00e9rouler en pr\u00e9sentiel ou \u00e0 distance.&hellip;<a href=\"https:\/\/nidanasraya.fr\/sandra-roques\/?page_id=69\" class=\"more-link\">Continue reading <span class=\"screen-reader-text\">Informations pratiques<\/span><\/a><\/p>\n","protected":false},"author":1,"featured_media":0,"parent":0,"menu_order":5,"comment_status":"closed","ping_status":"closed","template":"page_fullwidth.php","meta":{"_themeisle_gutenberg_block_has_review":false,"footnotes":""},"class_list":["post-69","page","type-page","status-publish","hentry"],"yoast_head":"<!-- This site is optimized with the Yoast SEO plugin v23.5 - https:\/\/yoast.com\/wordpress\/plugins\/seo\/ -->\n<title>Infos pratiques | Sandra Roques - Nidanasraya<\/title>\n<meta name=\"description\" content=\"Consultations en pr\u00e9sentiel et \u00e0 distance. Consultez mes tarifs et r\u00e9servez votre s\u00e9ance d\u00e8s maintenant ! Politique d&#039;annulation\" \/>\n<meta name=\"robots\" content=\"index, follow, max-snippet:-1, max-image-preview:large, max-video-preview:-1\" \/>\n<link rel=\"canonical\" href=\"https:\/\/nidanasraya.fr\/sandra-roques\/?page_id=69\" \/>\n<meta property=\"og:locale\" content=\"fr_FR\" \/>\n<meta property=\"og:type\" content=\"article\" \/>\n<meta property=\"og:title\" content=\"Infos pratiques | Sandra Roques - Nidanasraya\" \/>\n<meta property=\"og:description\" content=\"Consultations en pr\u00e9sentiel et \u00e0 distance. Consultez mes tarifs et r\u00e9servez votre s\u00e9ance d\u00e8s maintenant ! Politique d&#039;annulation\" \/>\n<meta property=\"og:url\" content=\"https:\/\/nidanasraya.fr\/sandra-roques\/?page_id=69\" \/>\n<meta property=\"article:publisher\" content=\"https:\/\/m.facebook.com\/profile.php\/?id=100085894055879\" \/>\n<meta property=\"article:modified_time\" content=\"2025-11-28T22:49:10+00:00\" \/>\n<meta property=\"og:image\" content=\"https:\/\/nidanasraya.fr\/wp-content\/uploads\/2023\/06\/entreecour2-1024x819.png\" \/>\n<meta name=\"twitter:card\" content=\"summary_large_image\" \/>\n<meta name=\"twitter:label1\" content=\"Dur\u00e9e de lecture estim\u00e9e\" \/>\n\t<meta name=\"twitter:data1\" content=\"2 minutes\" \/>\n<script type=\"application\/ld+json\" class=\"yoast-schema-graph\">{\"@context\":\"https:\/\/schema.org\",\"@graph\":[{\"@type\":\"WebPage\",\"@id\":\"https:\/\/nidanasraya.fr\/sandra-roques\/?page_id=69\",\"url\":\"https:\/\/nidanasraya.fr\/sandra-roques\/?page_id=69\",\"name\":\"Infos pratiques | Sandra Roques - Nidanasraya\",\"isPartOf\":{\"@id\":\"https:\/\/nidanasraya.fr\/sandra-roques\/#website\"},\"primaryImageOfPage\":{\"@id\":\"https:\/\/nidanasraya.fr\/sandra-roques\/?page_id=69#primaryimage\"},\"image\":{\"@id\":\"https:\/\/nidanasraya.fr\/sandra-roques\/?page_id=69#primaryimage\"},\"thumbnailUrl\":\"https:\/\/nidanasraya.fr\/wp-content\/uploads\/2023\/06\/entreecour2-1024x819.png\",\"datePublished\":\"2020-12-13T19:26:55+00:00\",\"dateModified\":\"2025-11-28T22:49:10+00:00\",\"description\":\"Consultations en pr\u00e9sentiel et \u00e0 distance. Consultez mes tarifs et r\u00e9servez votre s\u00e9ance d\u00e8s maintenant ! Politique d'annulation\",\"breadcrumb\":{\"@id\":\"https:\/\/nidanasraya.fr\/sandra-roques\/?page_id=69#breadcrumb\"},\"inLanguage\":\"fr-FR\",\"potentialAction\":[{\"@type\":\"ReadAction\",\"target\":[\"https:\/\/nidanasraya.fr\/sandra-roques\/?page_id=69\"]}]},{\"@type\":\"ImageObject\",\"inLanguage\":\"fr-FR\",\"@id\":\"https:\/\/nidanasraya.fr\/sandra-roques\/?page_id=69#primaryimage\",\"url\":\"https:\/\/nidanasraya.fr\/wp-content\/uploads\/2023\/06\/entreecour2-1024x819.png\",\"contentUrl\":\"https:\/\/nidanasraya.fr\/wp-content\/uploads\/2023\/06\/entreecour2-1024x819.png\"},{\"@type\":\"BreadcrumbList\",\"@id\":\"https:\/\/nidanasraya.fr\/sandra-roques\/?page_id=69#breadcrumb\",\"itemListElement\":[{\"@type\":\"ListItem\",\"position\":1,\"name\":\"Accueil\",\"item\":\"https:\/\/nidanasraya.fr\/sandra-roques\/\"},{\"@type\":\"ListItem\",\"position\":2,\"name\":\"Informations pratiques\"}]},{\"@type\":\"WebSite\",\"@id\":\"https:\/\/nidanasraya.fr\/sandra-roques\/#website\",\"url\":\"https:\/\/nidanasraya.fr\/sandra-roques\/\",\"name\":\"\",\"description\":\"\",\"potentialAction\":[{\"@type\":\"SearchAction\",\"target\":{\"@type\":\"EntryPoint\",\"urlTemplate\":\"https:\/\/nidanasraya.fr\/sandra-roques\/?s={search_term_string}\"},\"query-input\":{\"@type\":\"PropertyValueSpecification\",\"valueRequired\":true,\"valueName\":\"search_term_string\"}}],\"inLanguage\":\"fr-FR\"}]}<\/script>\n<!-- \/ Yoast SEO plugin. -->","yoast_head_json":{"title":"Infos pratiques | Sandra Roques - Nidanasraya","description":"Consultations en pr\u00e9sentiel et \u00e0 distance. Consultez mes tarifs et r\u00e9servez votre s\u00e9ance d\u00e8s maintenant ! Politique d'annulation","robots":{"index":"index","follow":"follow","max-snippet":"max-snippet:-1","max-image-preview":"max-image-preview:large","max-video-preview":"max-video-preview:-1"},"canonical":"https:\/\/nidanasraya.fr\/sandra-roques\/?page_id=69","og_locale":"fr_FR","og_type":"article","og_title":"Infos pratiques | Sandra Roques - Nidanasraya","og_description":"Consultations en pr\u00e9sentiel et \u00e0 distance. Consultez mes tarifs et r\u00e9servez votre s\u00e9ance d\u00e8s maintenant ! Politique d'annulation","og_url":"https:\/\/nidanasraya.fr\/sandra-roques\/?page_id=69","article_publisher":"https:\/\/m.facebook.com\/profile.php\/?id=100085894055879","article_modified_time":"2025-11-28T22:49:10+00:00","og_image":[{"url":"https:\/\/nidanasraya.fr\/wp-content\/uploads\/2023\/06\/entreecour2-1024x819.png"}],"twitter_card":"summary_large_image","twitter_misc":{"Dur\u00e9e de lecture estim\u00e9e":"2 minutes"},"schema":{"@context":"https:\/\/schema.org","@graph":[{"@type":"WebPage","@id":"https:\/\/nidanasraya.fr\/sandra-roques\/?page_id=69","url":"https:\/\/nidanasraya.fr\/sandra-roques\/?page_id=69","name":"Infos pratiques | Sandra Roques - Nidanasraya","isPartOf":{"@id":"https:\/\/nidanasraya.fr\/sandra-roques\/#website"},"primaryImageOfPage":{"@id":"https:\/\/nidanasraya.fr\/sandra-roques\/?page_id=69#primaryimage"},"image":{"@id":"https:\/\/nidanasraya.fr\/sandra-roques\/?page_id=69#primaryimage"},"thumbnailUrl":"https:\/\/nidanasraya.fr\/wp-content\/uploads\/2023\/06\/entreecour2-1024x819.png","datePublished":"2020-12-13T19:26:55+00:00","dateModified":"2025-11-28T22:49:10+00:00","description":"Consultations en pr\u00e9sentiel et \u00e0 distance. Consultez mes tarifs et r\u00e9servez votre s\u00e9ance d\u00e8s maintenant ! Politique d'annulation","breadcrumb":{"@id":"https:\/\/nidanasraya.fr\/sandra-roques\/?page_id=69#breadcrumb"},"inLanguage":"fr-FR","potentialAction":[{"@type":"ReadAction","target":["https:\/\/nidanasraya.fr\/sandra-roques\/?page_id=69"]}]},{"@type":"ImageObject","inLanguage":"fr-FR","@id":"https:\/\/nidanasraya.fr\/sandra-roques\/?page_id=69#primaryimage","url":"https:\/\/nidanasraya.fr\/wp-content\/uploads\/2023\/06\/entreecour2-1024x819.png","contentUrl":"https:\/\/nidanasraya.fr\/wp-content\/uploads\/2023\/06\/entreecour2-1024x819.png"},{"@type":"BreadcrumbList","@id":"https:\/\/nidanasraya.fr\/sandra-roques\/?page_id=69#breadcrumb","itemListElement":[{"@type":"ListItem","position":1,"name":"Accueil","item":"https:\/\/nidanasraya.fr\/sandra-roques\/"},{"@type":"ListItem","position":2,"name":"Informations pratiques"}]},{"@type":"WebSite","@id":"https:\/\/nidanasraya.fr\/sandra-roques\/#website","url":"https:\/\/nidanasraya.fr\/sandra-roques\/","name":"","description":"","potentialAction":[{"@type":"SearchAction","target":{"@type":"EntryPoint","urlTemplate":"https:\/\/nidanasraya.fr\/sandra-roques\/?s={search_term_string}"},"query-input":{"@type":"PropertyValueSpecification","valueRequired":true,"valueName":"search_term_string"}}],"inLanguage":"fr-FR"}]}},"_links":{"self":[{"href":"https:\/\/nidanasraya.fr\/sandra-roques\/index.php?rest_route=\/wp\/v2\/pages\/69","targetHints":{"allow":["GET"]}}],"collection":[{"href":"https:\/\/nidanasraya.fr\/sandra-roques\/index.php?rest_route=\/wp\/v2\/pages"}],"about":[{"href":"https:\/\/nidanasraya.fr\/sandra-roques\/index.php?rest_route=\/wp\/v2\/types\/page"}],"author":[{"embeddable":true,"href":"https:\/\/nidanasraya.fr\/sandra-roques\/index.php?rest_route=\/wp\/v2\/users\/1"}],"replies":[{"embeddable":true,"href":"https:\/\/nidanasraya.fr\/sandra-roques\/index.php?rest_route=%2Fwp%2Fv2%2Fcomments&post=69"}],"version-history":[{"count":62,"href":"https:\/\/nidanasraya.fr\/sandra-roques\/index.php?rest_route=\/wp\/v2\/pages\/69\/revisions"}],"predecessor-version":[{"id":1243,"href":"https:\/\/nidanasraya.fr\/sandra-roques\/index.php?rest_route=\/wp\/v2\/pages\/69\/revisions\/1243"}],"wp:attachment":[{"href":"https:\/\/nidanasraya.fr\/sandra-roques\/index.php?rest_route=%2Fwp%2Fv2%2Fmedia&parent=69"}],"curies":[{"name":"wp","href":"https:\/\/api.w.org\/{rel}","templated":true}]}}