{"id":39,"date":"2021-01-07T17:43:22","date_gmt":"2021-01-07T16:43:22","guid":{"rendered":"http:\/\/nidanasraya.fr\/?page_id=39"},"modified":"2024-09-18T18:55:47","modified_gmt":"2024-09-18T16:55:47","slug":"blog-pensee-positive-bonheur-feminin-soins-energetiques-developpement-personnel","status":"publish","type":"page","link":"https:\/\/nidanasraya.fr\/sandra-roques\/?page_id=39","title":{"rendered":"Blog"},"content":{"rendered":"\n<h2 class=\"wp-block-heading\">La pens\u00e9e positive<br><\/h2>\n\n\n\n<figure class=\"wp-block-image size-full is-style-default\"><img loading=\"lazy\" decoding=\"async\" width=\"1280\" height=\"853\" src=\"https:\/\/nidanasraya.fr\/wp-content\/uploads\/2020\/12\/girl-2193272_1280.jpg\" alt=\"\" class=\"wp-image-141\" srcset=\"https:\/\/nidanasraya.fr\/wp-content\/uploads\/2020\/12\/girl-2193272_1280.jpg 1280w, https:\/\/nidanasraya.fr\/wp-content\/uploads\/2020\/12\/girl-2193272_1280-300x200.jpg 300w, https:\/\/nidanasraya.fr\/wp-content\/uploads\/2020\/12\/girl-2193272_1280-1024x682.jpg 1024w, https:\/\/nidanasraya.fr\/wp-content\/uploads\/2020\/12\/girl-2193272_1280-768x512.jpg 768w, https:\/\/nidanasraya.fr\/wp-content\/uploads\/2020\/12\/girl-2193272_1280-750x500.jpg 750w, https:\/\/nidanasraya.fr\/wp-content\/uploads\/2020\/12\/girl-2193272_1280-174x116.jpg 174w\" sizes=\"auto, (max-width: 1280px) 100vw, 1280px\" \/><\/figure>\n\n\n\n<p class=\"has-drop-cap\">La pens\u00e9e positive est une mise en condition, un \u00e9tat d\u2019esprit qui conditionne nos choix de vie. Elle nous permet de nous responsabiliser face aux \u00e9v\u00e9nements que nous vivons. Elle am\u00e8ne \u00e0 prendre du recul dans l\u2019adversit\u00e9 et joue un r\u00f4le important dans notre fa\u00e7on d\u2019interpr\u00e9ter des circonstances difficiles. En adoptant une attitude positive, nous reconnaissons notre part de responsabilit\u00e9 dans les cons\u00e9quences g\u00e9n\u00e9r\u00e9es et d\u00e9cidons d\u2019agir sur elles. La pens\u00e9e positive influence ce que nous d\u00e9cidons d\u2019en faire : un obstacle insurmontable ou une opportunit\u00e9 d\u2019avancer, de grandir et donc de se d\u00e9velopper. C\u2019est une ressource qui transforme notre vision des \u00e9l\u00e9ments qui nous entourent, et donc,&nbsp; notre perception du monde.<br><\/p>\n\n\n\n<p>Cette facult\u00e9 n\u2019est pas n\u00e9cessairement inn\u00e9e. Fort heureusement, tout le monde peut apprendre ce mode de pens\u00e9e et acqu\u00e9rir un \u00e9tat d\u2019esprit positif. D\u2019ailleurs, penser positivement s\u2019entretient de la m\u00eame mani\u00e8re que nous entretenons notre corps par la pratique r\u00e9guli\u00e8re d&rsquo;une activit\u00e9 physique et ce tout au long de notre existence. Plus nous la pratiquons, plus elle se d\u00e9veloppe et d\u00e9cuple son efficacit\u00e9. Elle \u00e9largit le champ de nos possibles.<br><\/p>\n\n\n\n<p>Elle nous procure une puissante source d\u2019\u00e9nergie, de la ressource dans les situations de doute, de regrets ou de culpabilit\u00e9 et ne laisse aucune place \u00e0 la pens\u00e9e n\u00e9gative qu\u2019elle repousse. Elle nous permet de visualiser notre r\u00e9ussite et de l\u2019atteindre. Son rayon d\u2019action n\u2019a pas de limite, il d\u00e9passe celui qui la pratique et rejaillit sur son entourage.<br><\/p>\n\n\n\n<p>Nous choisissons la qualit\u00e9 de vie que nous souhaitons mener. Nous seuls pouvons influencer le cours de notre existence. Nous pouvons lui donner une orientation positive en choisissant de passer de bonnes journ\u00e9es quoi qu\u2019il advienne. D\u00e8s le matin, se projeter dans la bonne humeur et entretenir cet \u00e9tat de bien-\u00eatre au quotidien est un bon moyen. Cette \u00e9nergie solaire nous accompagne en permanence, nous connecte aux autres et attire le positif.&nbsp;<br><\/p>\n\n\n\n<p>En choisissant d\u2019adopter cette attitude, nous renfor\u00e7ons notre \u00e9nergie et notre vitalit\u00e9, ce qui nous permet de nous fabriquer de la ressource et de rebondir dans des situations o\u00f9 bon nombre de personnes renonceraient. Ne laissons aucun \u00e9l\u00e9ment ext\u00e9rieur perturber l\u2019\u00e9quilibre que nous choisissons, pas m\u00eame les accidents de la vie. Sous le choc, nous sommes tent\u00e9s de nous laisser aller \u00e0 culpabiliser mais en nous ressaisissant tr\u00e8s vite, nous choisissons d\u2019agir pour survivre. Nous pouvons m\u00eame r\u00e9ussir \u00e0 inverser la situation en faisant taire le mental qui s\u2019emballe ! Parfois, faire preuve d\u2019humour aide \u00e0 mobiliser ses ressources en chassant le doute.&nbsp;<\/p>\n\n\n\n<p><em>Nous pouvons aussi choisir de nous donner les moyens de notre gu\u00e9rison, en restant convaincus que nous gu\u00e9rirons.<\/em><br><\/p>\n\n\n\n<p>Que sommes-nous pr\u00eats \u00e0 mettre en place pour ne plus subir mais agir sur notre existence ?<\/p>\n\n\n\n<p>Arr\u00eatons de subir la majorit\u00e9 des \u00e9v\u00e9nements perturbateurs qui surviennent dans notre vie. Reconnaissons notre responsabilit\u00e9 dans toutes leurs cons\u00e9quences. Il nous semble difficile voire impossible de garder l\u2019optimisme dans des circonstances insoutenables.<\/p>\n\n\n\n<p>C\u2019est au contact de personnes ayant subi des horreurs, parvenues \u00e0 transcender ce qui leur est arriv\u00e9 en \u00e9nergie cr\u00e9atrice et en souffle de vie que l\u2019on prends conscience que nous seuls pouvons agir sur les cons\u00e9quences des \u00e9preuves de notre vie.&nbsp;<br><\/p>\n\n\n\n<p>Dans un contexte plus l\u00e9ger n\u00e9anmoins tr\u00e8s s\u00e9rieux, voici une anecdote \u00e0 propos d\u2019un adolescent de mon entourage. Il y a quelques ann\u00e9es, alors \u00e2g\u00e9 de 14 ans, il a d\u00e9cid\u00e9 d\u2019agir sur son propre sort et de donner un nouveau tournant \u00e0 sa vie. Tr\u00e8s allergique depuis son plus jeune \u00e2ge \u00e0 de nombreux aliments agissant comme du poison sur son organisme, il a d\u00e9cid\u00e9 qu\u2019il voulait pouvoir manger des pommes. Ses parents \u00e9taient circonspects \u00e0 l\u2019id\u00e9e de tenter cette exp\u00e9rience mais ce qui n\u2019\u00e9tait qu\u2019un jeu, au d\u00e9part, est devenu un objectif s\u00e9rieux \u00e0 atteindre. Il a d\u00e9cid\u00e9 de manger des pommes et s\u2019est projet\u00e9 dans un avenir o\u00f9 il les mangerait sans subir les sympt\u00f4mes allergiques. Face \u00e0 sa d\u00e9termination et \u00e0 son optimisme \u00e0 toute \u00e9preuve, ses parents l&rsquo;ont soutenu dans sa d\u00e9marche. Le r\u00e9sultat s\u2019est av\u00e9r\u00e9 positif et a m\u00eame d\u00e9pass\u00e9 ses attentes\u2026 Non seulement il a pu manger des pommes mais il a petit \u00e0 petit pu go\u00fbter \u00e0 d\u2019autres aliments qu\u2019il n\u2019avait jamais pu avaler auparavant ! La pens\u00e9e positive lui a permis de se mettre dans les meilleures conditions pour la r\u00e9ussite de la r\u00e9introduction de certains aliments dans son r\u00e9gime alimentaire, compl\u00e9t\u00e9e d&rsquo;un accompagnement holistique. Il n\u2019a jamais dout\u00e9 et il a fait le choix de voir uniquement une issue positive. Aujourd\u2019hui, cette exp\u00e9rience est pour lui une ancre positive qu\u2019il peut utiliser lorsqu\u2019il se trouve dans une situation d\u00e9licate.<br><\/p>\n\n\n\n<p>Essayez, vous aussi, d&rsquo;exp\u00e9rimenter de plus en plus la pens\u00e9e positive et vous en&nbsp; constaterez les b\u00e9n\u00e9fices. Vous parviendrez \u00e0 accueillir diff\u00e9remment les circonstances d\u00e9sagr\u00e9ables, avec plus de recul et envisagerez des solutions sans passer par un \u00e9tat paralysant de panique ou de sid\u00e9ration. Vous ressentirez comme un regain d\u2019\u00e9nergie et l\u2019envie de prendre soin de vous, corps et \u00e2me. C\u2019est stimulant pour soi et les autres.<br><\/p>\n\n\n\n<p>C\u2019est quelque chose que l\u2019on devrait encourager d\u00e8s l&rsquo;enfance, instaurer \u00e0 l\u2019\u00e9cole et renforcer tout au long des \u00e9tudes. Cela, afin d\u2019aider nos jeunes \u00e0 conserver cette confiance qu\u2019affichent naturellement les tous petits qui ne doutent pas dans leurs premiers apprentissages.&nbsp;<br><\/p>\n\n\n\n<p>Ce que cet adolescent a pu r\u00e9aliser \u00e0 l\u2019\u00e9poque gr\u00e2ce \u00e0 son mental et son attitude,&nbsp; tout un chacun peut le reproduire. Cultiver la pens\u00e9e positive chaque jour pose les bases de la s\u00e9r\u00e9nit\u00e9 et du bonheur.&nbsp;<br><\/p>\n\n\n\n<p><\/p>\n\n\n\n<h2 class=\"wp-block-heading\">Contactez-moi<\/h2>\n\n\n<div class=\"wpforms-container wpforms-container-full wpforms-block wpforms-block-faeb1e49-d422-43ed-aafe-ec59e8bcc664 wpforms-render-modern\" id=\"wpforms-350\"><form id=\"wpforms-form-350\" class=\"wpforms-validate wpforms-form wpforms-ajax-form\" data-formid=\"350\" method=\"post\" enctype=\"multipart\/form-data\" action=\"\/sandra-roques\/index.php?rest_route=%2Fwp%2Fv2%2Fpages%2F39\" data-token=\"20a341e28915592296137e05431000c0\" data-token-time=\"1776158430\"><noscript class=\"wpforms-error-noscript\">Veuillez activer JavaScript dans votre navigateur pour remplir ce formulaire.<\/noscript><div id=\"wpforms-error-noscript\" style=\"display: none;\">Veuillez activer JavaScript dans votre navigateur pour remplir ce formulaire.<\/div><div class=\"wpforms-field-container\"><div id=\"wpforms-350-field_0-container\" class=\"wpforms-field wpforms-field-name\" data-field-id=\"0\"><fieldset><legend class=\"wpforms-field-label\">Nom <span class=\"wpforms-required-label\" aria-hidden=\"true\">*<\/span><\/legend><div class=\"wpforms-field-row wpforms-field-medium\"><div class=\"wpforms-field-row-block wpforms-first wpforms-one-half\"><input type=\"text\" id=\"wpforms-350-field_0\" class=\"wpforms-field-name-first wpforms-field-required\" name=\"wpforms[fields][0][first]\" aria-errormessage=\"wpforms-350-field_0-error\" required><label for=\"wpforms-350-field_0\" class=\"wpforms-field-sublabel after\">Pr\u00e9nom<\/label><\/div><div class=\"wpforms-field-row-block wpforms-one-half\"><input type=\"text\" id=\"wpforms-350-field_0-last\" class=\"wpforms-field-name-last wpforms-field-required\" name=\"wpforms[fields][0][last]\" aria-errormessage=\"wpforms-350-field_0-last-error\" required><label for=\"wpforms-350-field_0-last\" class=\"wpforms-field-sublabel after\">Nom<\/label><\/div><\/div><\/fieldset><\/div><div id=\"wpforms-350-field_1-container\" class=\"wpforms-field wpforms-field-email\" data-field-id=\"1\"><label class=\"wpforms-field-label\" for=\"wpforms-350-field_1\">E-mail <span class=\"wpforms-required-label\" aria-hidden=\"true\">*<\/span><\/label><input type=\"email\" id=\"wpforms-350-field_1\" class=\"wpforms-field-medium wpforms-field-required\" name=\"wpforms[fields][1]\" spellcheck=\"false\" aria-errormessage=\"wpforms-350-field_1-error\" required><\/div><div id=\"wpforms-350-field_2-container\" class=\"wpforms-field wpforms-field-textarea\" data-field-id=\"2\"><label class=\"wpforms-field-label\" for=\"wpforms-350-field_2\">Message<\/label><textarea id=\"wpforms-350-field_2\" class=\"wpforms-field-medium\" name=\"wpforms[fields][2]\" aria-errormessage=\"wpforms-350-field_2-error\" aria-describedby=\"wpforms-350-field_2-description\" ><\/textarea><div id=\"wpforms-350-field_2-description\" class=\"wpforms-field-description\">Merci d&rsquo;indiquer votre num\u00e9ro de t\u00e9l\u00e9phone si vous souhaitez \u00eatre rappel\u00e9e<\/div><\/div>\t\t<div id=\"wpforms-350-field_3-container\"\n\t\t\tclass=\"wpforms-field wpforms-field-text\"\n\t\t\tdata-field-type=\"text\"\n\t\t\tdata-field-id=\"3\"\n\t\t\t>\n\t\t\t<label class=\"wpforms-field-label\" for=\"wpforms-350-field_3\" >E-mail Cases Nom<\/label>\n\t\t\t<input type=\"text\" id=\"wpforms-350-field_3\" class=\"wpforms-field-medium\" name=\"wpforms[fields][3]\" >\n\t\t<\/div>\n\t\t<div id=\"wpforms-350-field_4-container\" class=\"wpforms-field wpforms-field-checkbox\" data-field-id=\"4\"><fieldset><legend class=\"wpforms-field-label wpforms-label-hide\" aria-hidden=\"false\">Cases \u00e0 cocher<\/legend><ul id=\"wpforms-350-field_4\"><li class=\"choice-1 depth-1\"><input type=\"checkbox\" id=\"wpforms-350-field_4_1\" name=\"wpforms[fields][4][]\" value=\"J&#039;accepte les CGU et la politique de confidentialit\u00e9\" aria-errormessage=\"wpforms-350-field_4_1-error\"  ><label class=\"wpforms-field-label-inline\" for=\"wpforms-350-field_4_1\">J&rsquo;accepte les CGU et la politique de confidentialit\u00e9<\/label><\/li><\/ul><\/fieldset><\/div><script>\n\t\t\t\t( function() {\n\t\t\t\t\tconst style = document.createElement( 'style' );\n\t\t\t\t\tstyle.appendChild( document.createTextNode( '#wpforms-350-field_3-container { position: absolute !important; overflow: hidden !important; display: inline !important; height: 1px !important; width: 1px !important; z-index: -1000 !important; padding: 0 !important; } #wpforms-350-field_3-container input { visibility: hidden; } #wpforms-conversational-form-page #wpforms-350-field_3-container label { counter-increment: none; }' ) );\n\t\t\t\t\tdocument.head.appendChild( style );\n\t\t\t\t\tdocument.currentScript?.remove();\n\t\t\t\t} )();\n\t\t\t<\/script><\/div><!-- .wpforms-field-container --><div class=\"wpforms-submit-container\" ><input type=\"hidden\" name=\"wpforms[id]\" value=\"350\"><input type=\"hidden\" name=\"page_title\" value=\"\"><input type=\"hidden\" name=\"page_url\" value=\"https:\/\/nidanasraya.fr\/sandra-roques\/index.php?rest_route=\/wp\/v2\/pages\/39\"><input type=\"hidden\" name=\"url_referer\" value=\"\"><button type=\"submit\" name=\"wpforms[submit]\" id=\"wpforms-submit-350\" class=\"wpforms-submit\" data-alt-text=\"Envoi...\" data-submit-text=\"Envoyer\" aria-live=\"assertive\" value=\"wpforms-submit\">Envoyer<\/button><img loading=\"lazy\" decoding=\"async\" src=\"https:\/\/nidanasraya.fr\/wp-content\/plugins\/wpforms-lite\/assets\/images\/submit-spin.svg\" class=\"wpforms-submit-spinner\" style=\"display: none;\" width=\"26\" height=\"26\" alt=\"Chargement en cours\"><\/div><\/form><\/div>  <!-- .wpforms-container -->","protected":false},"excerpt":{"rendered":"<p>La pens\u00e9e positive La pens\u00e9e positive est une mise en condition, un \u00e9tat d\u2019esprit qui conditionne nos choix de vie. Elle nous permet de nous responsabiliser face aux \u00e9v\u00e9nements que nous vivons. Elle am\u00e8ne \u00e0 prendre du recul dans l\u2019adversit\u00e9 et joue un r\u00f4le important dans notre fa\u00e7on d\u2019interpr\u00e9ter des circonstances difficiles. En adoptant une&hellip;<a href=\"https:\/\/nidanasraya.fr\/sandra-roques\/?page_id=39\" class=\"more-link\">Continue reading <span class=\"screen-reader-text\">Blog<\/span><\/a><\/p>\n","protected":false},"author":1,"featured_media":0,"parent":0,"menu_order":7,"comment_status":"closed","ping_status":"closed","template":"page_fullwidth.php","meta":{"_themeisle_gutenberg_block_has_review":false,"footnotes":""},"class_list":["post-39","page","type-page","status-publish","hentry"],"yoast_head":"<!-- This site is optimized with the Yoast SEO plugin v23.5 - https:\/\/yoast.com\/wordpress\/plugins\/seo\/ -->\n<title>Blog - Sandra Roques I Th\u00e9rapeute et Coach Holistique<\/title>\n<meta name=\"description\" content=\"D\u00e9couvrez des ressources inspirantes pour votre \u00e9panouissement personnel et spirituel. Th\u00e9rapeute et coach holistique pour les femmes, je vous accompagne vers une vie align\u00e9e et \u00e9panouie \u00e0 travers des articles, m\u00e9ditations guid\u00e9es et conseils bien-\u00eatre.\" \/>\n<meta name=\"robots\" content=\"index, follow, max-snippet:-1, max-image-preview:large, max-video-preview:-1\" \/>\n<link rel=\"canonical\" href=\"https:\/\/nidanasraya.fr\/sandra-roques\/?page_id=39\" \/>\n<meta property=\"og:locale\" content=\"fr_FR\" \/>\n<meta property=\"og:type\" content=\"article\" \/>\n<meta property=\"og:title\" content=\"Blog - Sandra Roques I Th\u00e9rapeute et Coach Holistique\" \/>\n<meta property=\"og:description\" content=\"D\u00e9couvrez des ressources inspirantes pour votre \u00e9panouissement personnel et spirituel. Th\u00e9rapeute et coach holistique pour les femmes, je vous accompagne vers une vie align\u00e9e et \u00e9panouie \u00e0 travers des articles, m\u00e9ditations guid\u00e9es et conseils bien-\u00eatre.\" \/>\n<meta property=\"og:url\" content=\"https:\/\/nidanasraya.fr\/sandra-roques\/?page_id=39\" \/>\n<meta property=\"article:publisher\" content=\"https:\/\/m.facebook.com\/profile.php\/?id=100085894055879\" \/>\n<meta property=\"article:modified_time\" content=\"2024-09-18T16:55:47+00:00\" \/>\n<meta property=\"og:image\" content=\"https:\/\/nidanasraya.fr\/wp-content\/uploads\/2020\/12\/girl-2193272_1280.jpg\" \/>\n<meta name=\"twitter:card\" content=\"summary_large_image\" \/>\n<meta name=\"twitter:label1\" content=\"Dur\u00e9e de lecture estim\u00e9e\" \/>\n\t<meta name=\"twitter:data1\" content=\"5 minutes\" \/>\n<script type=\"application\/ld+json\" class=\"yoast-schema-graph\">{\"@context\":\"https:\/\/schema.org\",\"@graph\":[{\"@type\":[\"WebPage\",\"CollectionPage\"],\"@id\":\"https:\/\/nidanasraya.fr\/sandra-roques\/?page_id=39\",\"url\":\"https:\/\/nidanasraya.fr\/sandra-roques\/?page_id=39\",\"name\":\"Blog - Sandra Roques I Th\u00e9rapeute et Coach Holistique\",\"isPartOf\":{\"@id\":\"https:\/\/nidanasraya.fr\/sandra-roques\/#website\"},\"primaryImageOfPage\":{\"@id\":\"https:\/\/nidanasraya.fr\/sandra-roques\/?page_id=39#primaryimage\"},\"image\":{\"@id\":\"https:\/\/nidanasraya.fr\/sandra-roques\/?page_id=39#primaryimage\"},\"thumbnailUrl\":\"https:\/\/nidanasraya.fr\/wp-content\/uploads\/2020\/12\/girl-2193272_1280.jpg\",\"datePublished\":\"2021-01-07T16:43:22+00:00\",\"dateModified\":\"2024-09-18T16:55:47+00:00\",\"description\":\"D\u00e9couvrez des ressources inspirantes pour votre \u00e9panouissement personnel et spirituel. Th\u00e9rapeute et coach holistique pour les femmes, je vous accompagne vers une vie align\u00e9e et \u00e9panouie \u00e0 travers des articles, m\u00e9ditations guid\u00e9es et conseils bien-\u00eatre.\",\"breadcrumb\":{\"@id\":\"https:\/\/nidanasraya.fr\/sandra-roques\/?page_id=39#breadcrumb\"},\"inLanguage\":\"fr-FR\"},{\"@type\":\"ImageObject\",\"inLanguage\":\"fr-FR\",\"@id\":\"https:\/\/nidanasraya.fr\/sandra-roques\/?page_id=39#primaryimage\",\"url\":\"https:\/\/nidanasraya.fr\/wp-content\/uploads\/2020\/12\/girl-2193272_1280.jpg\",\"contentUrl\":\"https:\/\/nidanasraya.fr\/wp-content\/uploads\/2020\/12\/girl-2193272_1280.jpg\"},{\"@type\":\"BreadcrumbList\",\"@id\":\"https:\/\/nidanasraya.fr\/sandra-roques\/?page_id=39#breadcrumb\",\"itemListElement\":[{\"@type\":\"ListItem\",\"position\":1,\"name\":\"Accueil\",\"item\":\"https:\/\/nidanasraya.fr\/sandra-roques\/\"},{\"@type\":\"ListItem\",\"position\":2,\"name\":\"Blog\"}]},{\"@type\":\"WebSite\",\"@id\":\"https:\/\/nidanasraya.fr\/sandra-roques\/#website\",\"url\":\"https:\/\/nidanasraya.fr\/sandra-roques\/\",\"name\":\"\",\"description\":\"\",\"potentialAction\":[{\"@type\":\"SearchAction\",\"target\":{\"@type\":\"EntryPoint\",\"urlTemplate\":\"https:\/\/nidanasraya.fr\/sandra-roques\/?s={search_term_string}\"},\"query-input\":{\"@type\":\"PropertyValueSpecification\",\"valueRequired\":true,\"valueName\":\"search_term_string\"}}],\"inLanguage\":\"fr-FR\"}]}<\/script>\n<!-- \/ Yoast SEO plugin. -->","yoast_head_json":{"title":"Blog - Sandra Roques I Th\u00e9rapeute et Coach Holistique","description":"D\u00e9couvrez des ressources inspirantes pour votre \u00e9panouissement personnel et spirituel. Th\u00e9rapeute et coach holistique pour les femmes, je vous accompagne vers une vie align\u00e9e et \u00e9panouie \u00e0 travers des articles, m\u00e9ditations guid\u00e9es et conseils bien-\u00eatre.","robots":{"index":"index","follow":"follow","max-snippet":"max-snippet:-1","max-image-preview":"max-image-preview:large","max-video-preview":"max-video-preview:-1"},"canonical":"https:\/\/nidanasraya.fr\/sandra-roques\/?page_id=39","og_locale":"fr_FR","og_type":"article","og_title":"Blog - Sandra Roques I Th\u00e9rapeute et Coach Holistique","og_description":"D\u00e9couvrez des ressources inspirantes pour votre \u00e9panouissement personnel et spirituel. Th\u00e9rapeute et coach holistique pour les femmes, je vous accompagne vers une vie align\u00e9e et \u00e9panouie \u00e0 travers des articles, m\u00e9ditations guid\u00e9es et conseils bien-\u00eatre.","og_url":"https:\/\/nidanasraya.fr\/sandra-roques\/?page_id=39","article_publisher":"https:\/\/m.facebook.com\/profile.php\/?id=100085894055879","article_modified_time":"2024-09-18T16:55:47+00:00","og_image":[{"url":"https:\/\/nidanasraya.fr\/wp-content\/uploads\/2020\/12\/girl-2193272_1280.jpg"}],"twitter_card":"summary_large_image","twitter_misc":{"Dur\u00e9e de lecture estim\u00e9e":"5 minutes"},"schema":{"@context":"https:\/\/schema.org","@graph":[{"@type":["WebPage","CollectionPage"],"@id":"https:\/\/nidanasraya.fr\/sandra-roques\/?page_id=39","url":"https:\/\/nidanasraya.fr\/sandra-roques\/?page_id=39","name":"Blog - Sandra Roques I Th\u00e9rapeute et Coach Holistique","isPartOf":{"@id":"https:\/\/nidanasraya.fr\/sandra-roques\/#website"},"primaryImageOfPage":{"@id":"https:\/\/nidanasraya.fr\/sandra-roques\/?page_id=39#primaryimage"},"image":{"@id":"https:\/\/nidanasraya.fr\/sandra-roques\/?page_id=39#primaryimage"},"thumbnailUrl":"https:\/\/nidanasraya.fr\/wp-content\/uploads\/2020\/12\/girl-2193272_1280.jpg","datePublished":"2021-01-07T16:43:22+00:00","dateModified":"2024-09-18T16:55:47+00:00","description":"D\u00e9couvrez des ressources inspirantes pour votre \u00e9panouissement personnel et spirituel. Th\u00e9rapeute et coach holistique pour les femmes, je vous accompagne vers une vie align\u00e9e et \u00e9panouie \u00e0 travers des articles, m\u00e9ditations guid\u00e9es et conseils bien-\u00eatre.","breadcrumb":{"@id":"https:\/\/nidanasraya.fr\/sandra-roques\/?page_id=39#breadcrumb"},"inLanguage":"fr-FR"},{"@type":"ImageObject","inLanguage":"fr-FR","@id":"https:\/\/nidanasraya.fr\/sandra-roques\/?page_id=39#primaryimage","url":"https:\/\/nidanasraya.fr\/wp-content\/uploads\/2020\/12\/girl-2193272_1280.jpg","contentUrl":"https:\/\/nidanasraya.fr\/wp-content\/uploads\/2020\/12\/girl-2193272_1280.jpg"},{"@type":"BreadcrumbList","@id":"https:\/\/nidanasraya.fr\/sandra-roques\/?page_id=39#breadcrumb","itemListElement":[{"@type":"ListItem","position":1,"name":"Accueil","item":"https:\/\/nidanasraya.fr\/sandra-roques\/"},{"@type":"ListItem","position":2,"name":"Blog"}]},{"@type":"WebSite","@id":"https:\/\/nidanasraya.fr\/sandra-roques\/#website","url":"https:\/\/nidanasraya.fr\/sandra-roques\/","name":"","description":"","potentialAction":[{"@type":"SearchAction","target":{"@type":"EntryPoint","urlTemplate":"https:\/\/nidanasraya.fr\/sandra-roques\/?s={search_term_string}"},"query-input":{"@type":"PropertyValueSpecification","valueRequired":true,"valueName":"search_term_string"}}],"inLanguage":"fr-FR"}]}},"_links":{"self":[{"href":"https:\/\/nidanasraya.fr\/sandra-roques\/index.php?rest_route=\/wp\/v2\/pages\/39","targetHints":{"allow":["GET"]}}],"collection":[{"href":"https:\/\/nidanasraya.fr\/sandra-roques\/index.php?rest_route=\/wp\/v2\/pages"}],"about":[{"href":"https:\/\/nidanasraya.fr\/sandra-roques\/index.php?rest_route=\/wp\/v2\/types\/page"}],"author":[{"embeddable":true,"href":"https:\/\/nidanasraya.fr\/sandra-roques\/index.php?rest_route=\/wp\/v2\/users\/1"}],"replies":[{"embeddable":true,"href":"https:\/\/nidanasraya.fr\/sandra-roques\/index.php?rest_route=%2Fwp%2Fv2%2Fcomments&post=39"}],"version-history":[{"count":19,"href":"https:\/\/nidanasraya.fr\/sandra-roques\/index.php?rest_route=\/wp\/v2\/pages\/39\/revisions"}],"predecessor-version":[{"id":724,"href":"https:\/\/nidanasraya.fr\/sandra-roques\/index.php?rest_route=\/wp\/v2\/pages\/39\/revisions\/724"}],"wp:attachment":[{"href":"https:\/\/nidanasraya.fr\/sandra-roques\/index.php?rest_route=%2Fwp%2Fv2%2Fmedia&parent=39"}],"curies":[{"name":"wp","href":"https:\/\/api.w.org\/{rel}","templated":true}]}}